{"id":255,"date":"2018-10-31T16:08:53","date_gmt":"2018-10-31T15:08:53","guid":{"rendered":"https:\/\/www.mwanzo.fr\/magnetisme\/?page_id=255"},"modified":"2025-01-16T08:59:08","modified_gmt":"2025-01-16T07:59:08","slug":"livre-dor","status":"publish","type":"page","link":"https:\/\/www.mwanzo.fr\/magnetisme\/livre-dor\/","title":{"rendered":"Livre d&rsquo;Or"},"content":{"rendered":"<p><span style=\"color: #000080;\">Je remercie infiniment par avance mes clients qui auront pris le temps de laisser un commentaire pour partager leur exp\u00e9rience.<br \/>\n<\/span><\/p>\n<p><span style=\"color: #000080;\">(Pour \u00e9crire, cela se trouve en bas de cette page. Votre commentaire appara\u00eetra ult\u00e9rieurement).<\/span><\/p>\n","protected":false},"excerpt":{"rendered":"<p>Je remercie infiniment par avance mes clients qui auront pris le temps de laisser un commentaire pour partager leur exp\u00e9rience. (Pour \u00e9crire, cela se trouve en bas de cette page. Votre commentaire appara\u00eetra ult\u00e9rieurement).<\/p>\n","protected":false},"author":1,"featured_media":0,"parent":0,"menu_order":4,"comment_status":"open","ping_status":"open","template":"","meta":{"footnotes":""},"class_list":["post-255","page","type-page","status-publish","hentry"],"_links":{"self":[{"href":"https:\/\/www.mwanzo.fr\/magnetisme\/wp-json\/wp\/v2\/pages\/255","targetHints":{"allow":["GET"]}}],"collection":[{"href":"https:\/\/www.mwanzo.fr\/magnetisme\/wp-json\/wp\/v2\/pages"}],"about":[{"href":"https:\/\/www.mwanzo.fr\/magnetisme\/wp-json\/wp\/v2\/types\/page"}],"author":[{"embeddable":true,"href":"https:\/\/www.mwanzo.fr\/magnetisme\/wp-json\/wp\/v2\/users\/1"}],"replies":[{"embeddable":true,"href":"https:\/\/www.mwanzo.fr\/magnetisme\/wp-json\/wp\/v2\/comments?post=255"}],"version-history":[{"count":3,"href":"https:\/\/www.mwanzo.fr\/magnetisme\/wp-json\/wp\/v2\/pages\/255\/revisions"}],"predecessor-version":[{"id":520,"href":"https:\/\/www.mwanzo.fr\/magnetisme\/wp-json\/wp\/v2\/pages\/255\/revisions\/520"}],"wp:attachment":[{"href":"https:\/\/www.mwanzo.fr\/magnetisme\/wp-json\/wp\/v2\/media?parent=255"}],"curies":[{"name":"wp","href":"https:\/\/api.w.org\/{rel}","templated":true}]}}