{"id":2,"date":"2011-04-03T19:20:37","date_gmt":"2011-04-03T19:20:37","guid":{"rendered":"http:\/\/localhost\/wordpress\/?page_id=2"},"modified":"2024-07-30T15:43:54","modified_gmt":"2024-07-30T14:43:54","slug":"presentation","status":"publish","type":"page","link":"https:\/\/www.mwanzo.fr\/magnetisme\/presentation\/","title":{"rendered":"Pr\u00e9sentation"},"content":{"rendered":"<p><strong><span style=\"color: #800080;\">Pr\u00e9cisions sur la s\u00e9curisation de la s\u00e9ance face au covid 19 :<\/span><\/strong><\/p>\n<p><span style=\"color: #800080;\">Pas de salle d&rsquo;attente, les rdv sont espac\u00e9s pour que les clients ne se croisent pas. Chaque personne pr\u00e9sente porte un masque (le client am\u00e8ne le sien). Gel hydro-alcoolique. A\u00e9ration et nettoyage de la salle de soin apr\u00e8s chaque rdv.<br \/>\n<\/span><\/p>\n<p>&nbsp;<\/p>\n<p><span style=\"color: #333399;\"><strong>S\u00e9ance sur mon lieu d&rsquo;exercice de fa\u00e7on g\u00e9n\u00e9rale.<\/strong><\/span><\/p>\n<p><span style=\"color: #333399;\"><strong>A domicile<\/strong> pour les personnes ne pouvant se d\u00e9placer.<\/span><\/p>\n<p><span style=\"color: #333399;\"><strong> Par visio<\/strong> pour les personnes trop \u00e9loign\u00e9es g\u00e9ographiquement.<\/span><\/p>\n<p><strong><span style=\"color: #000080;\">En entreprise <\/span><\/strong><span style=\"color: #000080;\">Le tarif et la dur\u00e9e (heures, demi-journ\u00e9e ou journ\u00e9e) sont variables selon l&rsquo;objectif\u00a0 et le nombre de personnes qui en b\u00e9n\u00e9ficieront. <\/span><\/p>\n<p>&nbsp;<\/p>\n<p><span style=\"color: #000080;\">La<\/span><span style=\"color: #0000ff;\"><span style=\"color: #000080;\"><strong> dur\u00e9e de la s\u00e9ance<\/strong> est de 30 \u00e0 45 minutes g\u00e9n\u00e9ralement. Elle peut durer 1h ou plus si n\u00e9cessaire. Tout d\u00e9pend du probl\u00e8me \u00e0 r\u00e9gler.<br \/>\n<\/span><\/span><\/p>\n<p><strong><span style=\"color: #000080;\">Tarif : \u00a0 \u00a0 40 \u20ac \u00a0 \u00a0 \u00a0 \u00a0 \u00a0\u00a0 (depuis le 1er d\u00e9cembre 2023).<\/span><\/strong><\/p>\n<p><span style=\"color: #000080;\"><strong>Le nombre de s\u00e9ance<\/strong> est variable selon le cas. G\u00e9n\u00e9ralement les douleurs ou blocages physiques ne n\u00e9cessitent qu&rsquo;une s\u00e9ance. Les probl\u00e8mes de peau, surtout s&rsquo;ils datent de plusieurs ann\u00e9es, peuvent demander plusieurs s\u00e9ances.<\/span><\/p>\n<p><span style=\"color: #000080;\">La s\u00e9ance est<strong> individuelle<\/strong>.<\/span><\/p>\n<p><strong><span style=\"color: #000080;\">Aucun d\u00e9shabillage n&rsquo;est n\u00e9cessaire.<\/span><\/strong><\/p>\n<p><span style=\"color: #000080;\">Pour le soin d&rsquo;une <strong>personne mineure<\/strong>, la pr\u00e9sence d&rsquo;un parent est <strong>obligatoire<\/strong>.<\/span><\/p>\n<p><span style=\"color: #000080;\"><strong>Ayant des capacit\u00e9s de m\u00e9dium<\/strong> je peux avoir \u00e0 vous transmettre des messages ou un conseil. Mais cela ne se produit pas \u00e0 chaque s\u00e9ance.\u00a0<\/span><\/p>\n<p>&nbsp;<\/p>\n<p><span style=\"color: #0000ff;\">\u00a0<\/span><\/p>\n","protected":false},"excerpt":{"rendered":"<p>Pr\u00e9cisions sur la s\u00e9curisation de la s\u00e9ance face au covid 19 : Pas de salle d&rsquo;attente, les rdv sont espac\u00e9s pour que les clients ne se croisent pas. Chaque personne pr\u00e9sente porte un masque (le client am\u00e8ne le sien). Gel hydro-alcoolique. A\u00e9ration et nettoyage de la salle de soin apr\u00e8s chaque rdv. &nbsp; S\u00e9ance sur [&#8230;]<\/p>\n","protected":false},"author":1,"featured_media":0,"parent":0,"menu_order":1,"comment_status":"closed","ping_status":"open","template":"","meta":{"footnotes":""},"class_list":["post-2","page","type-page","status-publish","hentry"],"_links":{"self":[{"href":"https:\/\/www.mwanzo.fr\/magnetisme\/wp-json\/wp\/v2\/pages\/2","targetHints":{"allow":["GET"]}}],"collection":[{"href":"https:\/\/www.mwanzo.fr\/magnetisme\/wp-json\/wp\/v2\/pages"}],"about":[{"href":"https:\/\/www.mwanzo.fr\/magnetisme\/wp-json\/wp\/v2\/types\/page"}],"author":[{"embeddable":true,"href":"https:\/\/www.mwanzo.fr\/magnetisme\/wp-json\/wp\/v2\/users\/1"}],"replies":[{"embeddable":true,"href":"https:\/\/www.mwanzo.fr\/magnetisme\/wp-json\/wp\/v2\/comments?post=2"}],"version-history":[{"count":10,"href":"https:\/\/www.mwanzo.fr\/magnetisme\/wp-json\/wp\/v2\/pages\/2\/revisions"}],"predecessor-version":[{"id":515,"href":"https:\/\/www.mwanzo.fr\/magnetisme\/wp-json\/wp\/v2\/pages\/2\/revisions\/515"}],"wp:attachment":[{"href":"https:\/\/www.mwanzo.fr\/magnetisme\/wp-json\/wp\/v2\/media?parent=2"}],"curies":[{"name":"wp","href":"https:\/\/api.w.org\/{rel}","templated":true}]}}