{"id":170,"date":"2013-10-19T13:19:52","date_gmt":"2013-10-19T12:19:52","guid":{"rendered":"http:\/\/tmallet.dyndns.org\/magnetisme\/?page_id=170"},"modified":"2025-01-16T08:52:37","modified_gmt":"2025-01-16T07:52:37","slug":"accueil","status":"publish","type":"page","link":"https:\/\/www.mwanzo.fr\/magnetisme\/","title":{"rendered":"Accueil"},"content":{"rendered":"<h6><span style=\"color: #000080;\"><a href=\"https:\/\/www.mwanzo.fr\/magnetisme\/wp-content\/uploads\/2019\/11\/IMG_8033-Re-re-cadr\u00e9e-sans-m\u00e8che-bleu.png\"><img loading=\"lazy\" decoding=\"async\" class=\"wp-image-359 alignleft\" src=\"https:\/\/www.mwanzo.fr\/magnetisme\/wp-content\/uploads\/2019\/11\/IMG_8033-Re-re-cadr\u00e9e-sans-m\u00e8che-bleu-296x300.png\" alt=\"\" width=\"225\" height=\"228\" srcset=\"https:\/\/www.mwanzo.fr\/magnetisme\/wp-content\/uploads\/2019\/11\/IMG_8033-Re-re-cadr\u00e9e-sans-m\u00e8che-bleu-296x300.png 296w, https:\/\/www.mwanzo.fr\/magnetisme\/wp-content\/uploads\/2019\/11\/IMG_8033-Re-re-cadr\u00e9e-sans-m\u00e8che-bleu.png 513w\" sizes=\"auto, (max-width: 225px) 100vw, 225px\" \/><\/a><\/span><span style=\"color: #000080;\"><strong>Bonjour,<\/strong><\/span><\/h6>\n<h6><strong><span style=\"color: #000080;\">Je suis magn\u00e9tiseuse\/gu\u00e9risseuse. J&rsquo;ai d\u00e9couvert mon don vers l&rsquo;\u00e2ge de 15 ans et l&rsquo;ai d\u00e9velopp\u00e9 au fur et \u00e0 mesure des ann\u00e9es et de rencontres de personnes souffrant de divers probl\u00e8mes. <\/span><\/strong><\/h6>\n<h6><span style=\"color: #000080;\">J&rsquo;exerce l&rsquo;activit\u00e9 de magn\u00e9tiseuse en Ari\u00e8ge. <\/span><\/h6>\n<p><strong><span style=\"color: #000080;\">Je propose mon aide en individuel ou en entreprise.<\/span><\/strong><\/p>\n<h6><\/h6>\n<h6><span style=\"color: #000080;\"><strong>Je suis d\u00e9clar\u00e9e \u00e0 l&rsquo;URSSAF dans le cadre d&rsquo;une activit\u00e9 de sant\u00e9.<\/strong>\u00a0 <\/span><strong><span style=\"color: #000080;\"><br \/>\n<\/span><\/strong><\/h6>\n<h6><span style=\"color: #000080;\">Le magn\u00e9tisme fait partie des pratiques ancestrales de soin. Il apporte un bien-\u00eatre g\u00e9n\u00e9ral par une harmonisation des \u00e9nergies du corps humain. C&rsquo;est un principe naturel qui aide \u00e0 prendre soin de sa sant\u00e9 en se reconnectant \u00e0 soi-m\u00eame.<\/span><\/h6>\n<p>&nbsp;<\/p>\n<h6><\/h6>\n","protected":false},"excerpt":{"rendered":"<p>Bonjour, Je suis magn\u00e9tiseuse\/gu\u00e9risseuse. J&rsquo;ai d\u00e9couvert mon don vers l&rsquo;\u00e2ge de 15 ans et l&rsquo;ai d\u00e9velopp\u00e9 au fur et \u00e0 mesure des ann\u00e9es et de rencontres de personnes souffrant de divers probl\u00e8mes. J&rsquo;exerce l&rsquo;activit\u00e9 de magn\u00e9tiseuse en Ari\u00e8ge. Je propose mon aide en individuel ou en entreprise. Je suis d\u00e9clar\u00e9e \u00e0 l&rsquo;URSSAF dans le cadre [&#8230;]<\/p>\n","protected":false},"author":1,"featured_media":0,"parent":0,"menu_order":0,"comment_status":"closed","ping_status":"open","template":"","meta":{"footnotes":""},"class_list":["post-170","page","type-page","status-publish","hentry"],"_links":{"self":[{"href":"https:\/\/www.mwanzo.fr\/magnetisme\/wp-json\/wp\/v2\/pages\/170","targetHints":{"allow":["GET"]}}],"collection":[{"href":"https:\/\/www.mwanzo.fr\/magnetisme\/wp-json\/wp\/v2\/pages"}],"about":[{"href":"https:\/\/www.mwanzo.fr\/magnetisme\/wp-json\/wp\/v2\/types\/page"}],"author":[{"embeddable":true,"href":"https:\/\/www.mwanzo.fr\/magnetisme\/wp-json\/wp\/v2\/users\/1"}],"replies":[{"embeddable":true,"href":"https:\/\/www.mwanzo.fr\/magnetisme\/wp-json\/wp\/v2\/comments?post=170"}],"version-history":[{"count":3,"href":"https:\/\/www.mwanzo.fr\/magnetisme\/wp-json\/wp\/v2\/pages\/170\/revisions"}],"predecessor-version":[{"id":519,"href":"https:\/\/www.mwanzo.fr\/magnetisme\/wp-json\/wp\/v2\/pages\/170\/revisions\/519"}],"wp:attachment":[{"href":"https:\/\/www.mwanzo.fr\/magnetisme\/wp-json\/wp\/v2\/media?parent=170"}],"curies":[{"name":"wp","href":"https:\/\/api.w.org\/{rel}","templated":true}]}}