{"id":15,"date":"2012-11-18T20:18:28","date_gmt":"2012-11-18T19:18:28","guid":{"rendered":"http:\/\/192.168.0.10\/magnetisme\/?page_id=15"},"modified":"2025-01-16T08:50:58","modified_gmt":"2025-01-16T07:50:58","slug":"contact","status":"publish","type":"page","link":"https:\/\/www.mwanzo.fr\/magnetisme\/contact\/","title":{"rendered":"Contact"},"content":{"rendered":"<p><span style=\"color: #000080;\">Je re\u00e7ois au centre-ville de <strong>Pamiers<\/strong> sur rendez-vous.<\/span><\/p>\n<p><span style=\"color: #000080;\">Les<strong> s\u00e9ances<\/strong> ont lieu du<strong> lundi au samedi de 10h \u00e0 12h et de 14h \u00e0 20h<\/strong>. <\/span><\/p>\n<table>\n<tbody>\n<tr>\n<td><strong>N\u00b0 de t\u00e9l :<br \/>\n<\/strong><\/td>\n<td valign=\"middle\"><img loading=\"lazy\" decoding=\"async\" src=\"https:\/\/www.mwanzo.fr\/magnetisme\/wp-content\/uploads\/2018\/10\/telephone.png\" alt=\"\" width=\"123\" height=\"22\" \/><\/td>\n<\/tr>\n<\/tbody>\n<\/table>\n<p><span style=\"color: #000080;\">Pour les personnes ayant des difficult\u00e9s \u00e0 se d\u00e9placer, je peux venir \u00e0 domicile.<\/span><\/p>\n<p><span style=\"color: #0000ff;\"><span style=\"color: #008000;\">Je peux magn\u00e9tiser par skype pour les personnes n&rsquo;habitant pas l&rsquo;Ari\u00e8ge (ou vraiment trop \u00e9loign\u00e9es pour venir sur place). Dans ce cas, appelez-moi et j&rsquo;\u00e9valuerai si une s\u00e9ance vid\u00e9o est appropri\u00e9e et nous fixons un rendez-vous.<\/span><\/span><\/p>\n<p><span style=\"color: #000080;\">Pour toutes questions ou demande de rendez-vous vous pouvez m&rsquo;\u00e9crire \u00e0 cette adresse mail : <strong>carine.magnetisme@hotmail.com<\/strong><\/span><\/p>\n<table style=\"width: 100%;\">\n<tbody>\n<tr>\n<td><span style=\"color: #0000ff;\">Pour tout paiement, cliquez sur le logo PayPal (paiement par carte bancaire sans obligation d&rsquo;avoir un compte Paypal).<\/span><\/td>\n<td><a href=\"https:\/\/www.paypal.com\/cgi-bin\/webscr?cmd=_xclick&amp;business=carine%2emagnetisme%40hotmail%2ecom&amp;item_name=S\u00e9ance%20de%20magn\u00e9tisme&amp;no_shipping=0&amp;no_note=1&amp;tax=0&amp;currency_code=EUR&amp;lc=FR&amp;charset=UTF%2d8\" target=\"_blank\" rel=\"noopener noreferrer\"><img loading=\"lazy\" decoding=\"async\" src=\"https:\/\/www.mwanzo.fr\/magnetisme\/wp-content\/uploads\/2018\/11\/paypal.png\" alt=\"PayPal\" width=\"166\" height=\"80\" \/><\/a><\/td>\n<\/tr>\n<\/tbody>\n<\/table>\n","protected":false},"excerpt":{"rendered":"<p>Je re\u00e7ois au centre-ville de Pamiers sur rendez-vous. Les s\u00e9ances ont lieu du lundi au samedi de 10h \u00e0 12h et de 14h \u00e0 20h. N\u00b0 de t\u00e9l : Pour les personnes ayant des difficult\u00e9s \u00e0 se d\u00e9placer, je peux venir \u00e0 domicile. Je peux magn\u00e9tiser par skype pour les personnes n&rsquo;habitant pas l&rsquo;Ari\u00e8ge (ou [&#8230;]<\/p>\n","protected":false},"author":1,"featured_media":0,"parent":0,"menu_order":2,"comment_status":"closed","ping_status":"open","template":"","meta":{"footnotes":""},"class_list":["post-15","page","type-page","status-publish","hentry"],"_links":{"self":[{"href":"https:\/\/www.mwanzo.fr\/magnetisme\/wp-json\/wp\/v2\/pages\/15","targetHints":{"allow":["GET"]}}],"collection":[{"href":"https:\/\/www.mwanzo.fr\/magnetisme\/wp-json\/wp\/v2\/pages"}],"about":[{"href":"https:\/\/www.mwanzo.fr\/magnetisme\/wp-json\/wp\/v2\/types\/page"}],"author":[{"embeddable":true,"href":"https:\/\/www.mwanzo.fr\/magnetisme\/wp-json\/wp\/v2\/users\/1"}],"replies":[{"embeddable":true,"href":"https:\/\/www.mwanzo.fr\/magnetisme\/wp-json\/wp\/v2\/comments?post=15"}],"version-history":[{"count":1,"href":"https:\/\/www.mwanzo.fr\/magnetisme\/wp-json\/wp\/v2\/pages\/15\/revisions"}],"predecessor-version":[{"id":508,"href":"https:\/\/www.mwanzo.fr\/magnetisme\/wp-json\/wp\/v2\/pages\/15\/revisions\/508"}],"wp:attachment":[{"href":"https:\/\/www.mwanzo.fr\/magnetisme\/wp-json\/wp\/v2\/media?parent=15"}],"curies":[{"name":"wp","href":"https:\/\/api.w.org\/{rel}","templated":true}]}}